{"id":2167,"date":"2021-11-29T10:56:43","date_gmt":"2021-11-29T10:56:43","guid":{"rendered":"http:\/\/www.untergaarden.com\/?page_id=2167"},"modified":"2022-10-16T11:39:35","modified_gmt":"2022-10-16T11:39:35","slug":"thing-of-the-day","status":"publish","type":"page","link":"https:\/\/www.untergaarden.com\/en\/thing-of-the-day\/","title":{"rendered":"Thing of The Day &#x2764;&#xfe0f;"},"content":{"rendered":"<p>These days I&#8217;m all about making scarves and pullovers ( because it&#8217;s cold and I REALLY want to buy a knitting machine )<\/p>\n<p><img loading=\"lazy\" decoding=\"async\" class=\"alignnone size-full wp-image-2379\" src=\"http:\/\/www.untergaarden.com\/content\/uploads\/2022\/10\/01-Flash.png\" alt=\"Des pulls et des \u00e9charpes avec des \u00e9clairs\" width=\"1000\" height=\"1300\" srcset=\"https:\/\/www.untergaarden.com\/content\/uploads\/2022\/10\/01-Flash.png 1000w, https:\/\/www.untergaarden.com\/content\/uploads\/2022\/10\/01-Flash-231x300.png 231w, https:\/\/www.untergaarden.com\/content\/uploads\/2022\/10\/01-Flash-768x998.png 768w, https:\/\/www.untergaarden.com\/content\/uploads\/2022\/10\/01-Flash-788x1024.png 788w\" sizes=\"auto, (max-width: 1000px) 100vw, 1000px\" \/> <img loading=\"lazy\" decoding=\"async\" class=\"alignnone size-full wp-image-2382\" src=\"http:\/\/www.untergaarden.com\/content\/uploads\/2022\/10\/04-SpaceLama.png\" alt=\"Et un pull avec un lama de l'espace pour remplacer celui qui a r\u00e9tr\u00e9ci \u00e0 la machine\" width=\"1000\" height=\"1333\" srcset=\"https:\/\/www.untergaarden.com\/content\/uploads\/2022\/10\/04-SpaceLama.png 1000w, https:\/\/www.untergaarden.com\/content\/uploads\/2022\/10\/04-SpaceLama-225x300.png 225w, https:\/\/www.untergaarden.com\/content\/uploads\/2022\/10\/04-SpaceLama-768x1024.png 768w\" sizes=\"auto, (max-width: 1000px) 100vw, 1000px\" \/> <img loading=\"lazy\" decoding=\"async\" class=\"alignnone size-full wp-image-2381\" src=\"http:\/\/www.untergaarden.com\/content\/uploads\/2022\/10\/03-Poncho.png\" alt=\"Je veux faire des ponchos aussi\" width=\"1000\" height=\"1251\" srcset=\"https:\/\/www.untergaarden.com\/content\/uploads\/2022\/10\/03-Poncho.png 1000w, https:\/\/www.untergaarden.com\/content\/uploads\/2022\/10\/03-Poncho-240x300.png 240w, https:\/\/www.untergaarden.com\/content\/uploads\/2022\/10\/03-Poncho-768x961.png 768w, https:\/\/www.untergaarden.com\/content\/uploads\/2022\/10\/03-Poncho-819x1024.png 819w\" sizes=\"auto, (max-width: 1000px) 100vw, 1000px\" \/> <img loading=\"lazy\" decoding=\"async\" class=\"alignnone size-full wp-image-2380\" src=\"http:\/\/www.untergaarden.com\/content\/uploads\/2022\/10\/02-Snakes.png\" alt=\"tout \u00e7a parce que je veux une machine \u00e0 tricoter\" width=\"1000\" height=\"1302\" srcset=\"https:\/\/www.untergaarden.com\/content\/uploads\/2022\/10\/02-Snakes.png 1000w, https:\/\/www.untergaarden.com\/content\/uploads\/2022\/10\/02-Snakes-230x300.png 230w, https:\/\/www.untergaarden.com\/content\/uploads\/2022\/10\/02-Snakes-768x1000.png 768w, https:\/\/www.untergaarden.com\/content\/uploads\/2022\/10\/02-Snakes-786x1024.png 786w\" sizes=\"auto, (max-width: 1000px) 100vw, 1000px\" \/><\/p>\n<p>&nbsp;<\/p>\n<p>&nbsp;<\/p>\n","protected":false},"excerpt":{"rendered":"<p>These days I&#8217;m all about making scarves and pullovers ( because it&#8217;s cold and I REALLY want to buy a knitting machine ) &nbsp; &nbsp;<\/p>\n","protected":false},"author":2,"featured_media":0,"parent":0,"menu_order":0,"comment_status":"closed","ping_status":"closed","template":"","meta":{"_acf_changed":false,"footnotes":""},"class_list":["post-2167","page","type-page","status-publish","hentry"],"acf":[],"_links":{"self":[{"href":"https:\/\/www.untergaarden.com\/en\/wp-json\/wp\/v2\/pages\/2167","targetHints":{"allow":["GET"]}}],"collection":[{"href":"https:\/\/www.untergaarden.com\/en\/wp-json\/wp\/v2\/pages"}],"about":[{"href":"https:\/\/www.untergaarden.com\/en\/wp-json\/wp\/v2\/types\/page"}],"author":[{"embeddable":true,"href":"https:\/\/www.untergaarden.com\/en\/wp-json\/wp\/v2\/users\/2"}],"replies":[{"embeddable":true,"href":"https:\/\/www.untergaarden.com\/en\/wp-json\/wp\/v2\/comments?post=2167"}],"version-history":[{"count":4,"href":"https:\/\/www.untergaarden.com\/en\/wp-json\/wp\/v2\/pages\/2167\/revisions"}],"predecessor-version":[{"id":2385,"href":"https:\/\/www.untergaarden.com\/en\/wp-json\/wp\/v2\/pages\/2167\/revisions\/2385"}],"wp:attachment":[{"href":"https:\/\/www.untergaarden.com\/en\/wp-json\/wp\/v2\/media?parent=2167"}],"curies":[{"name":"wp","href":"https:\/\/api.w.org\/{rel}","templated":true}]}}